{"id":91,"date":"2018-03-21T16:56:49","date_gmt":"2018-03-21T15:56:49","guid":{"rendered":"http:\/\/parnica.ecavlos.sk\/?page_id=91"},"modified":"2026-02-27T11:33:40","modified_gmt":"2026-02-27T10:33:40","slug":"uvod","status":"publish","type":"page","link":"https:\/\/parnica.ecavlos.sk\/","title":{"rendered":"\u00daVOD"},"content":{"rendered":"<p><div  class=\"fusion-fullwidth fullwidth-box fusion-blend-mode nonhundred-percent-fullwidth\"  style='background-color: rgba(255,255,255,0);background-position: center center;background-repeat: no-repeat;'><div class=\"fusion-builder-row fusion-row \"><div  class=\"fusion-layout-column fusion_builder_column fusion_builder_column_1_1  fusion-one-full fusion-column-first fusion-column-last 1_1\"  style='margin-top:0px;margin-bottom:20px;'>\n\t\t\t\t\t<div class=\"fusion-column-wrapper\" style=\"background-position:left top;background-repeat:no-repeat;-webkit-background-size:cover;-moz-background-size:cover;-o-background-size:cover;background-size:cover;\"  data-bg-url=\"\">\n\t\t\t\t\t\t<span class=\"fusion-imageframe imageframe-none imageframe-1 hover-type-none\"><img loading=\"lazy\" decoding=\"async\" src=\"http:\/\/parnica.ecavlos.sk\/wp-content\/uploads\/2018\/03\/nov\u00fd.jpg\" width=\"2048\" height=\"1175\" alt=\"\" title=\"nov\u00fd\" class=\"img-responsive wp-image-93\" srcset=\"https:\/\/parnica.ecavlos.sk\/wp-content\/uploads\/2018\/03\/nov\u00fd-200x115.jpg 200w, https:\/\/parnica.ecavlos.sk\/wp-content\/uploads\/2018\/03\/nov\u00fd-400x229.jpg 400w, https:\/\/parnica.ecavlos.sk\/wp-content\/uploads\/2018\/03\/nov\u00fd-600x344.jpg 600w, https:\/\/parnica.ecavlos.sk\/wp-content\/uploads\/2018\/03\/nov\u00fd-800x459.jpg 800w, https:\/\/parnica.ecavlos.sk\/wp-content\/uploads\/2018\/03\/nov\u00fd-1200x688.jpg 1200w, https:\/\/parnica.ecavlos.sk\/wp-content\/uploads\/2018\/03\/nov\u00fd.jpg 2048w\" sizes=\"auto, (max-width: 1080px) 100vw, 1100px\" \/><\/span><div class=\"fusion-clearfix\"><\/div>\n\n\t\t\t\t\t<\/div>\n\t\t\t\t<\/div><\/div><\/div><div  class=\"fusion-fullwidth fullwidth-box fusion-blend-mode nonhundred-percent-fullwidth\"  style='background-color: rgba(255,255,255,0);background-position: center center;background-repeat: no-repeat;padding-top:0px;padding-right:0px;padding-bottom:0px;padding-left:0px;'><\/div><div class=\"fusion-builder-row fusion-row \"><\/div><div  class=\"fusion-layout-column fusion_builder_column fusion_builder_column_1_1  fusion-one-full fusion-column-first fusion-column-last 1_1\"  style='margin-top:0px;margin-bottom:20px;width:100%'>\n\t\t\t\t\t<div class=\"fusion-column-wrapper\" style=\"background-position:left top;background-repeat:no-repeat;-webkit-background-size:cover;-moz-background-size:cover;-o-background-size:cover;background-size:cover;\"  data-bg-url=\"\">\n\t\t\t\t\t\t<div class=\"fusion-clearfix\"><\/div>\n\n\t\t\t\t\t<\/div>\n\t\t\t\t<\/div><div class=\"fusion-sep-clear\"><\/div><div class=\"fusion-separator fusion-full-width-sep sep-none\" style=\"margin-left: auto;margin-right: auto;margin-top:50px;\"><\/div><div class=\"fusion-title title fusion-title-center fusion-title-size-one\" style=\"margin-top:0px;margin-bottom:31px;\"><div class=\"title-sep-container title-sep-container-left\"><div class=\"title-sep sep-single sep-solid\" style=\"border-color:#e0dede;\"><\/div><\/div><h1 class=\"title-heading-center\"><\/h1><div class=\"title-sep-container title-sep-container-right\"><div class=\"title-sep sep-single sep-solid\" style=\"border-color:#e0dede;\"><\/div><\/div><\/div><\/p>\n<p>&nbsp;<\/p>\n\n\n<p>Pri ubytovan\u00ed sa plat\u00ed vratn\u00e1 z\u00e1loha za nezisten\u00e9 \u0161kody, ktor\u00e1 bola uznesen\u00edm presbyterstva 17\/2021 zv\u00fd\u0161en\u00e1 z 50 na <strong>100 \u20ac<\/strong>. T\u00fdmto chceme najm\u00e4 pri mlad\u00fdch ubytovan\u00fdch docieli\u0165, aby za sebou nechali d\u00f4kladne upratan\u00e9.<\/p>\n\n\n\n<p><\/p>\n","protected":false},"excerpt":{"rendered":"<p>&nbsp; Pri ubytovan\u00ed sa plat\u00ed vratn\u00e1 z\u00e1loha za nezisten\u00e9 \u0161kody, ktor\u00e1 bola uznesen\u00edm presbyterstva 17\/2021 zv\u00fd\u0161en\u00e1 z 50 na 100 \u20ac. T\u00fdmto chceme najm\u00e4 pri mlad\u00fdch ubytovan\u00fdch docieli\u0165, aby za sebou nechali d\u00f4kladne upratan\u00e9.<\/p>\n","protected":false},"author":1,"featured_media":187,"parent":0,"menu_order":0,"comment_status":"closed","ping_status":"closed","template":"100-width.php","meta":{"footnotes":""},"class_list":["post-91","page","type-page","status-publish","has-post-thumbnail","hentry"],"_links":{"self":[{"href":"https:\/\/parnica.ecavlos.sk\/index.php?rest_route=\/wp\/v2\/pages\/91","targetHints":{"allow":["GET"]}}],"collection":[{"href":"https:\/\/parnica.ecavlos.sk\/index.php?rest_route=\/wp\/v2\/pages"}],"about":[{"href":"https:\/\/parnica.ecavlos.sk\/index.php?rest_route=\/wp\/v2\/types\/page"}],"author":[{"embeddable":true,"href":"https:\/\/parnica.ecavlos.sk\/index.php?rest_route=\/wp\/v2\/users\/1"}],"replies":[{"embeddable":true,"href":"https:\/\/parnica.ecavlos.sk\/index.php?rest_route=%2Fwp%2Fv2%2Fcomments&post=91"}],"version-history":[{"count":6,"href":"https:\/\/parnica.ecavlos.sk\/index.php?rest_route=\/wp\/v2\/pages\/91\/revisions"}],"predecessor-version":[{"id":671,"href":"https:\/\/parnica.ecavlos.sk\/index.php?rest_route=\/wp\/v2\/pages\/91\/revisions\/671"}],"wp:featuredmedia":[{"embeddable":true,"href":"https:\/\/parnica.ecavlos.sk\/index.php?rest_route=\/wp\/v2\/media\/187"}],"wp:attachment":[{"href":"https:\/\/parnica.ecavlos.sk\/index.php?rest_route=%2Fwp%2Fv2%2Fmedia&parent=91"}],"curies":[{"name":"wp","href":"https:\/\/api.w.org\/{rel}","templated":true}]}}