{"id":78,"date":"2021-04-23T10:18:00","date_gmt":"2021-04-23T08:18:00","guid":{"rendered":"http:\/\/parnica.ecavlos.sk\/?page_id=78"},"modified":"2024-04-18T13:53:46","modified_gmt":"2024-04-18T11:53:46","slug":"zborovy-dom","status":"publish","type":"page","link":"https:\/\/parnica.ecavlos.sk\/?page_id=78","title":{"rendered":"ZBOROV\u00dd DOM\/MO\u017dNOSTI UBYTOVANIA"},"content":{"rendered":"\n<div class=\"wp-block-group\"><div class=\"wp-block-group__inner-container is-layout-flow wp-block-group-is-layout-flow\">\n<p>     Cirkevn\u00fd zbor ECAV P\u00e1rnica pon\u00faka ubytovanie vo svojom zborovom dome (zborovom pastora\u010dnom centre). Kapacita ubytovac\u00edch priestorov je v&nbsp;s\u00fa\u010dasnosti 28 plnohodnotn\u00fdch l\u00f4\u017eok. S\u00fa tam \u0161tyri apartm\u00e1ny a&nbsp;\u0161tyri izby. Ubytovanie je v&nbsp;3-l\u00f4\u017ekov\u00fdch a 4-l\u00f4\u017ekov\u00fdch izb\u00e1ch. V&nbsp;zariaden\u00ed s\u00fa dve kuchyne a&nbsp;jed\u00e1le\u0148. Ubytov\u0148a je ur\u010den\u00e1 pre rodiny, ako aj pre t\u00e1bory, s\u00fastredenia a&nbsp;dovolenky.<\/p>\n\n\n\n<p><\/p>\n\n\n\n<p class=\"has-medium-font-size\">Cena ubytovania &#8211; pod\u013ea d\u013a\u017eky pobytu, term\u00ednu a&nbsp;vyu\u017eitia kapacity ubytovania po p\u00edsomnom alebo telefonickom dohovore <br><br>Pri ubytovan\u00ed sa plat\u00ed vratn\u00e1 z\u00e1loha za nezisten\u00e9 \u0161kody, ktor\u00e1 bola uznesen\u00edm presbyterstva 17\/2021 zv\u00fd\u0161en\u00e1 z 50 na <strong>100 \u20ac<\/strong>. T\u00fdmto chceme najm\u00e4 pri mlad\u00fdch ubytovan\u00fdch docieli\u0165, aby za sebou nechali d\u00f4kladne upratan\u00e9. <\/p>\n\n\n\n<p>&nbsp;&nbsp;&nbsp;&nbsp;&nbsp;&nbsp;&nbsp;&nbsp;&nbsp;&nbsp;&nbsp; Prostredie je l\u00e1kav\u00e9 pre mo\u017enos\u0165 mnoh\u00fdch aktiv\u00edt. P\u00e1rnica je s\u00fa\u010das\u0165ou Malej Fatry, ktor\u00e1 je turisticky vyh\u013ead\u00e1van\u00e1.<\/p>\n\n\n\n<p style=\"font-size:25px\"><strong>Mo\u017enosti v\u00a0zime:<\/strong><\/p>\n\n\n\n<ol class=\"wp-block-list\" type=\"1\"><li>Ly\u017eovanie &nbsp;&nbsp;&nbsp;&nbsp;&nbsp;&nbsp;&nbsp;&nbsp;&nbsp; &nbsp;&nbsp;&nbsp;&nbsp;&nbsp;&nbsp;&nbsp;&nbsp;&nbsp;&nbsp;&nbsp; \u2013 Mal\u00e1 L\u00fa\u010divn\u00e1 (3km)<\/li><li>Kub\u00ednska ho\u013ea (12km)<\/li><li>Racibor ((14km)<\/li><li>Z\u00e1zriv\u00e1 \u2013 Havrania (17km)<\/li><li>Vr\u00e1tna (21km)<\/li><li>Kor\u010du\u013eovanie&nbsp;&nbsp;&nbsp;&nbsp; &nbsp;&nbsp;&nbsp;&nbsp;&nbsp;&nbsp;&nbsp;&nbsp;&nbsp;&nbsp;&nbsp; &#8211; hokejov\u00fd \u0161tadi\u00f3n v&nbsp;D. Kub\u00edne (8km)<\/li><li>Be\u017ek\u00e1rske trate<\/li><\/ol>\n\n\n\n<p style=\"font-size:25px\"><strong>Mo\u017enosti v\u00a0lete:<\/strong><\/p>\n\n\n\n<ol class=\"wp-block-list\" type=\"1\"><li>Turistika&nbsp;&nbsp;&nbsp;&nbsp;&nbsp;&nbsp;&nbsp;&nbsp;&nbsp;&nbsp;&nbsp;&nbsp;&nbsp;&nbsp;&nbsp;&nbsp;&nbsp;&nbsp;&nbsp;&nbsp;&nbsp;&nbsp;&nbsp;&nbsp; &#8211; Mal\u00e1 Fatra<\/li><li>Roh\u00e1\u010de (Z\u00e1padn\u00e9 Tatry)<\/li><li>Ve\u013ek\u00e1 Fatra<\/li><li>Oravsk\u00e1 magura<\/li><li>Splavovanie rieky Oravy<\/li><li>N\u00e1v\u0161teva Oravsk\u00e9ho hradu<\/li><li>Horsk\u00e1 cyklistika<\/li><li>Skazneny &nbsp;&nbsp;&nbsp;&nbsp;&nbsp;&nbsp;&nbsp;&nbsp;&nbsp;&nbsp;&nbsp;&nbsp;&nbsp;&nbsp;&nbsp;&nbsp;&nbsp;&nbsp;&nbsp;&nbsp;&nbsp;&nbsp; &#8211; Zuberec, Vychylovka, Vlkol\u00ednec<\/li><li>Oravsk\u00e1 priehrada<\/li><\/ol>\n\n\n\n<p style=\"font-size:25px\"><strong>Mo\u017enosti celoro\u010dne:<\/strong><\/p>\n\n\n\n<ul class=\"wp-block-list\" type=\"1\"><li>Aquaparky\u00a0\u00a0\u00a0\u00a0\u00a0\u00a0\u00a0\u00a0\u00a0\u00a0\u00a0\u00a0\u00a0\u00a0\u00a0\u00a0\u00a0\u00a0\u00a0\u00a0 &#8211; aquarelax Doln\u00fd Kub\u00edn (8km)<\/li><li>L\u00fa\u010dky (28km)<\/li><li>Be\u0161e\u0148ov\u00e1 (32km)<\/li><li>Tatralandia (50km)<\/li><li>Oravice (58km)<\/li><li>Artikul\u00e1rne kostoly\u00a0\u00a0\u00a0\u00a0\u00a0 &#8211; Istebn\u00e9 (4km), Le\u0161tiny (12km)<\/li><li>Pam\u00e4tihodnosti<\/li><\/ul>\n\n\n\n<p>Inform\u00e1cie m\u00f4\u017eete z\u00edska\u0165 na <strong>Farskom \u00farade v&nbsp;P\u00e1rnici<\/strong>:<\/p>\n\n\n\n<p>P\u00e1rnica 97<\/p>\n\n\n\n<p>026 01&nbsp; Doln\u00fd Kub\u00edn<\/p>\n\n\n\n<p>alebo na telef\u00f3nnych \u010d\u00edslach: <strong>0911 456 525<\/strong> &#8211; Mgr. Viera \u0160imov\u00e1 \u0160otl\u00e9s, zborov\u00e1 far\u00e1rka CZ P\u00e1rnica ;  <\/p>\n\n\n\n<p>+42143 5892 212,<\/p>\n\n\n\n<p style=\"font-size:px\">popr\u00edpade e-mail: &nbsp;&nbsp;<strong>soltestipulova@gmail.com<\/strong>, majosima@gmail.com<strong>,&nbsp;<\/strong>parnica@ecav.sk<\/p>\n\n\n\n<figure class=\"wp-block-gallery columns-3 is-cropped wp-block-gallery-1 is-layout-flex wp-block-gallery-is-layout-flex\"><ul class=\"blocks-gallery-grid\"><li class=\"blocks-gallery-item\"><figure><img loading=\"lazy\" decoding=\"async\" width=\"1024\" height=\"768\" src=\"https:\/\/parnica.ecavlos.sk\/wp-content\/uploads\/2024\/04\/IMG_20240418_131856194_HDR-1024x768.jpg\" alt=\"\" data-id=\"588\" data-full-url=\"https:\/\/parnica.ecavlos.sk\/wp-content\/uploads\/2024\/04\/IMG_20240418_131856194_HDR-scaled.jpg\" data-link=\"https:\/\/parnica.ecavlos.sk\/?attachment_id=588\" class=\"wp-image-588\" srcset=\"https:\/\/parnica.ecavlos.sk\/wp-content\/uploads\/2024\/04\/IMG_20240418_131856194_HDR-200x150.jpg 200w, https:\/\/parnica.ecavlos.sk\/wp-content\/uploads\/2024\/04\/IMG_20240418_131856194_HDR-300x225.jpg 300w, https:\/\/parnica.ecavlos.sk\/wp-content\/uploads\/2024\/04\/IMG_20240418_131856194_HDR-400x300.jpg 400w, https:\/\/parnica.ecavlos.sk\/wp-content\/uploads\/2024\/04\/IMG_20240418_131856194_HDR-600x450.jpg 600w, https:\/\/parnica.ecavlos.sk\/wp-content\/uploads\/2024\/04\/IMG_20240418_131856194_HDR-768x576.jpg 768w, https:\/\/parnica.ecavlos.sk\/wp-content\/uploads\/2024\/04\/IMG_20240418_131856194_HDR-800x600.jpg 800w, https:\/\/parnica.ecavlos.sk\/wp-content\/uploads\/2024\/04\/IMG_20240418_131856194_HDR-1024x768.jpg 1024w, https:\/\/parnica.ecavlos.sk\/wp-content\/uploads\/2024\/04\/IMG_20240418_131856194_HDR-1200x900.jpg 1200w, https:\/\/parnica.ecavlos.sk\/wp-content\/uploads\/2024\/04\/IMG_20240418_131856194_HDR-1536x1152.jpg 1536w\" sizes=\"auto, (max-width: 1024px) 100vw, 1024px\" \/><\/figure><\/li><li class=\"blocks-gallery-item\"><figure><img loading=\"lazy\" decoding=\"async\" width=\"1024\" height=\"768\" src=\"https:\/\/parnica.ecavlos.sk\/wp-content\/uploads\/2024\/04\/IMG_20240418_131912726_HDR-1024x768.jpg\" alt=\"\" data-id=\"589\" data-full-url=\"https:\/\/parnica.ecavlos.sk\/wp-content\/uploads\/2024\/04\/IMG_20240418_131912726_HDR-scaled.jpg\" data-link=\"https:\/\/parnica.ecavlos.sk\/?attachment_id=589\" class=\"wp-image-589\" srcset=\"https:\/\/parnica.ecavlos.sk\/wp-content\/uploads\/2024\/04\/IMG_20240418_131912726_HDR-200x150.jpg 200w, https:\/\/parnica.ecavlos.sk\/wp-content\/uploads\/2024\/04\/IMG_20240418_131912726_HDR-300x225.jpg 300w, https:\/\/parnica.ecavlos.sk\/wp-content\/uploads\/2024\/04\/IMG_20240418_131912726_HDR-400x300.jpg 400w, https:\/\/parnica.ecavlos.sk\/wp-content\/uploads\/2024\/04\/IMG_20240418_131912726_HDR-600x450.jpg 600w, https:\/\/parnica.ecavlos.sk\/wp-content\/uploads\/2024\/04\/IMG_20240418_131912726_HDR-768x576.jpg 768w, https:\/\/parnica.ecavlos.sk\/wp-content\/uploads\/2024\/04\/IMG_20240418_131912726_HDR-800x600.jpg 800w, https:\/\/parnica.ecavlos.sk\/wp-content\/uploads\/2024\/04\/IMG_20240418_131912726_HDR-1024x768.jpg 1024w, https:\/\/parnica.ecavlos.sk\/wp-content\/uploads\/2024\/04\/IMG_20240418_131912726_HDR-1200x900.jpg 1200w, https:\/\/parnica.ecavlos.sk\/wp-content\/uploads\/2024\/04\/IMG_20240418_131912726_HDR-1536x1152.jpg 1536w\" sizes=\"auto, (max-width: 1024px) 100vw, 1024px\" \/><\/figure><\/li><li class=\"blocks-gallery-item\"><figure><img loading=\"lazy\" decoding=\"async\" width=\"1024\" height=\"768\" src=\"https:\/\/parnica.ecavlos.sk\/wp-content\/uploads\/2024\/04\/IMG_20240418_131928416_HDR-1024x768.jpg\" alt=\"\" data-id=\"590\" data-full-url=\"https:\/\/parnica.ecavlos.sk\/wp-content\/uploads\/2024\/04\/IMG_20240418_131928416_HDR-scaled.jpg\" data-link=\"https:\/\/parnica.ecavlos.sk\/?attachment_id=590\" class=\"wp-image-590\" srcset=\"https:\/\/parnica.ecavlos.sk\/wp-content\/uploads\/2024\/04\/IMG_20240418_131928416_HDR-200x150.jpg 200w, https:\/\/parnica.ecavlos.sk\/wp-content\/uploads\/2024\/04\/IMG_20240418_131928416_HDR-300x225.jpg 300w, https:\/\/parnica.ecavlos.sk\/wp-content\/uploads\/2024\/04\/IMG_20240418_131928416_HDR-400x300.jpg 400w, https:\/\/parnica.ecavlos.sk\/wp-content\/uploads\/2024\/04\/IMG_20240418_131928416_HDR-600x450.jpg 600w, https:\/\/parnica.ecavlos.sk\/wp-content\/uploads\/2024\/04\/IMG_20240418_131928416_HDR-768x576.jpg 768w, https:\/\/parnica.ecavlos.sk\/wp-content\/uploads\/2024\/04\/IMG_20240418_131928416_HDR-800x600.jpg 800w, https:\/\/parnica.ecavlos.sk\/wp-content\/uploads\/2024\/04\/IMG_20240418_131928416_HDR-1024x768.jpg 1024w, https:\/\/parnica.ecavlos.sk\/wp-content\/uploads\/2024\/04\/IMG_20240418_131928416_HDR-1200x900.jpg 1200w, https:\/\/parnica.ecavlos.sk\/wp-content\/uploads\/2024\/04\/IMG_20240418_131928416_HDR-1536x1152.jpg 1536w\" sizes=\"auto, (max-width: 1024px) 100vw, 1024px\" \/><\/figure><\/li><li class=\"blocks-gallery-item\"><figure><img loading=\"lazy\" decoding=\"async\" width=\"1024\" height=\"768\" src=\"https:\/\/parnica.ecavlos.sk\/wp-content\/uploads\/2024\/04\/IMG_20240418_132037771_HDR-1024x768.jpg\" alt=\"\" data-id=\"591\" data-full-url=\"https:\/\/parnica.ecavlos.sk\/wp-content\/uploads\/2024\/04\/IMG_20240418_132037771_HDR-scaled.jpg\" data-link=\"https:\/\/parnica.ecavlos.sk\/?attachment_id=591\" class=\"wp-image-591\" srcset=\"https:\/\/parnica.ecavlos.sk\/wp-content\/uploads\/2024\/04\/IMG_20240418_132037771_HDR-200x150.jpg 200w, https:\/\/parnica.ecavlos.sk\/wp-content\/uploads\/2024\/04\/IMG_20240418_132037771_HDR-300x225.jpg 300w, https:\/\/parnica.ecavlos.sk\/wp-content\/uploads\/2024\/04\/IMG_20240418_132037771_HDR-400x300.jpg 400w, https:\/\/parnica.ecavlos.sk\/wp-content\/uploads\/2024\/04\/IMG_20240418_132037771_HDR-600x450.jpg 600w, https:\/\/parnica.ecavlos.sk\/wp-content\/uploads\/2024\/04\/IMG_20240418_132037771_HDR-768x576.jpg 768w, https:\/\/parnica.ecavlos.sk\/wp-content\/uploads\/2024\/04\/IMG_20240418_132037771_HDR-800x600.jpg 800w, https:\/\/parnica.ecavlos.sk\/wp-content\/uploads\/2024\/04\/IMG_20240418_132037771_HDR-1024x768.jpg 1024w, https:\/\/parnica.ecavlos.sk\/wp-content\/uploads\/2024\/04\/IMG_20240418_132037771_HDR-1200x900.jpg 1200w, https:\/\/parnica.ecavlos.sk\/wp-content\/uploads\/2024\/04\/IMG_20240418_132037771_HDR-1536x1152.jpg 1536w\" sizes=\"auto, (max-width: 1024px) 100vw, 1024px\" \/><\/figure><\/li><li class=\"blocks-gallery-item\"><figure><img loading=\"lazy\" decoding=\"async\" width=\"1024\" height=\"768\" src=\"https:\/\/parnica.ecavlos.sk\/wp-content\/uploads\/2024\/04\/IMG_20240418_132134671_HDR-1024x768.jpg\" alt=\"\" data-id=\"592\" data-full-url=\"https:\/\/parnica.ecavlos.sk\/wp-content\/uploads\/2024\/04\/IMG_20240418_132134671_HDR-scaled.jpg\" data-link=\"https:\/\/parnica.ecavlos.sk\/?attachment_id=592\" class=\"wp-image-592\" srcset=\"https:\/\/parnica.ecavlos.sk\/wp-content\/uploads\/2024\/04\/IMG_20240418_132134671_HDR-200x150.jpg 200w, https:\/\/parnica.ecavlos.sk\/wp-content\/uploads\/2024\/04\/IMG_20240418_132134671_HDR-300x225.jpg 300w, https:\/\/parnica.ecavlos.sk\/wp-content\/uploads\/2024\/04\/IMG_20240418_132134671_HDR-400x300.jpg 400w, https:\/\/parnica.ecavlos.sk\/wp-content\/uploads\/2024\/04\/IMG_20240418_132134671_HDR-600x450.jpg 600w, https:\/\/parnica.ecavlos.sk\/wp-content\/uploads\/2024\/04\/IMG_20240418_132134671_HDR-768x576.jpg 768w, https:\/\/parnica.ecavlos.sk\/wp-content\/uploads\/2024\/04\/IMG_20240418_132134671_HDR-800x600.jpg 800w, https:\/\/parnica.ecavlos.sk\/wp-content\/uploads\/2024\/04\/IMG_20240418_132134671_HDR-1024x768.jpg 1024w, https:\/\/parnica.ecavlos.sk\/wp-content\/uploads\/2024\/04\/IMG_20240418_132134671_HDR-1200x900.jpg 1200w, https:\/\/parnica.ecavlos.sk\/wp-content\/uploads\/2024\/04\/IMG_20240418_132134671_HDR-1536x1152.jpg 1536w\" sizes=\"auto, (max-width: 1024px) 100vw, 1024px\" \/><\/figure><\/li><li class=\"blocks-gallery-item\"><figure><img loading=\"lazy\" decoding=\"async\" width=\"1024\" height=\"768\" src=\"https:\/\/parnica.ecavlos.sk\/wp-content\/uploads\/2024\/04\/IMG_20240418_132323231-1024x768.jpg\" alt=\"\" data-id=\"593\" data-full-url=\"https:\/\/parnica.ecavlos.sk\/wp-content\/uploads\/2024\/04\/IMG_20240418_132323231-scaled.jpg\" data-link=\"https:\/\/parnica.ecavlos.sk\/?attachment_id=593\" class=\"wp-image-593\" srcset=\"https:\/\/parnica.ecavlos.sk\/wp-content\/uploads\/2024\/04\/IMG_20240418_132323231-200x150.jpg 200w, https:\/\/parnica.ecavlos.sk\/wp-content\/uploads\/2024\/04\/IMG_20240418_132323231-300x225.jpg 300w, https:\/\/parnica.ecavlos.sk\/wp-content\/uploads\/2024\/04\/IMG_20240418_132323231-400x300.jpg 400w, https:\/\/parnica.ecavlos.sk\/wp-content\/uploads\/2024\/04\/IMG_20240418_132323231-600x450.jpg 600w, https:\/\/parnica.ecavlos.sk\/wp-content\/uploads\/2024\/04\/IMG_20240418_132323231-768x576.jpg 768w, https:\/\/parnica.ecavlos.sk\/wp-content\/uploads\/2024\/04\/IMG_20240418_132323231-800x600.jpg 800w, https:\/\/parnica.ecavlos.sk\/wp-content\/uploads\/2024\/04\/IMG_20240418_132323231-1024x768.jpg 1024w, https:\/\/parnica.ecavlos.sk\/wp-content\/uploads\/2024\/04\/IMG_20240418_132323231-1200x900.jpg 1200w, https:\/\/parnica.ecavlos.sk\/wp-content\/uploads\/2024\/04\/IMG_20240418_132323231-1536x1152.jpg 1536w\" sizes=\"auto, (max-width: 1024px) 100vw, 1024px\" \/><\/figure><\/li><li class=\"blocks-gallery-item\"><figure><img loading=\"lazy\" decoding=\"async\" width=\"1024\" height=\"768\" src=\"https:\/\/parnica.ecavlos.sk\/wp-content\/uploads\/2024\/04\/IMG_20240418_132407171-1024x768.jpg\" alt=\"\" data-id=\"594\" data-full-url=\"https:\/\/parnica.ecavlos.sk\/wp-content\/uploads\/2024\/04\/IMG_20240418_132407171-scaled.jpg\" data-link=\"https:\/\/parnica.ecavlos.sk\/?attachment_id=594\" class=\"wp-image-594\" srcset=\"https:\/\/parnica.ecavlos.sk\/wp-content\/uploads\/2024\/04\/IMG_20240418_132407171-200x150.jpg 200w, https:\/\/parnica.ecavlos.sk\/wp-content\/uploads\/2024\/04\/IMG_20240418_132407171-300x225.jpg 300w, https:\/\/parnica.ecavlos.sk\/wp-content\/uploads\/2024\/04\/IMG_20240418_132407171-400x300.jpg 400w, https:\/\/parnica.ecavlos.sk\/wp-content\/uploads\/2024\/04\/IMG_20240418_132407171-600x450.jpg 600w, https:\/\/parnica.ecavlos.sk\/wp-content\/uploads\/2024\/04\/IMG_20240418_132407171-768x576.jpg 768w, https:\/\/parnica.ecavlos.sk\/wp-content\/uploads\/2024\/04\/IMG_20240418_132407171-800x600.jpg 800w, https:\/\/parnica.ecavlos.sk\/wp-content\/uploads\/2024\/04\/IMG_20240418_132407171-1024x768.jpg 1024w, https:\/\/parnica.ecavlos.sk\/wp-content\/uploads\/2024\/04\/IMG_20240418_132407171-1200x900.jpg 1200w, https:\/\/parnica.ecavlos.sk\/wp-content\/uploads\/2024\/04\/IMG_20240418_132407171-1536x1152.jpg 1536w\" sizes=\"auto, (max-width: 1024px) 100vw, 1024px\" \/><\/figure><\/li><li class=\"blocks-gallery-item\"><figure><img loading=\"lazy\" decoding=\"async\" width=\"768\" height=\"1024\" src=\"https:\/\/parnica.ecavlos.sk\/wp-content\/uploads\/2024\/04\/IMG_20240418_132508920-768x1024.jpg\" alt=\"\" data-id=\"595\" data-full-url=\"https:\/\/parnica.ecavlos.sk\/wp-content\/uploads\/2024\/04\/IMG_20240418_132508920-scaled.jpg\" data-link=\"https:\/\/parnica.ecavlos.sk\/?attachment_id=595\" class=\"wp-image-595\" srcset=\"https:\/\/parnica.ecavlos.sk\/wp-content\/uploads\/2024\/04\/IMG_20240418_132508920-200x267.jpg 200w, https:\/\/parnica.ecavlos.sk\/wp-content\/uploads\/2024\/04\/IMG_20240418_132508920-225x300.jpg 225w, https:\/\/parnica.ecavlos.sk\/wp-content\/uploads\/2024\/04\/IMG_20240418_132508920-400x533.jpg 400w, https:\/\/parnica.ecavlos.sk\/wp-content\/uploads\/2024\/04\/IMG_20240418_132508920-600x800.jpg 600w, https:\/\/parnica.ecavlos.sk\/wp-content\/uploads\/2024\/04\/IMG_20240418_132508920-768x1024.jpg 768w, https:\/\/parnica.ecavlos.sk\/wp-content\/uploads\/2024\/04\/IMG_20240418_132508920-800x1067.jpg 800w, https:\/\/parnica.ecavlos.sk\/wp-content\/uploads\/2024\/04\/IMG_20240418_132508920-1152x1536.jpg 1152w, https:\/\/parnica.ecavlos.sk\/wp-content\/uploads\/2024\/04\/IMG_20240418_132508920-1200x1600.jpg 1200w, https:\/\/parnica.ecavlos.sk\/wp-content\/uploads\/2024\/04\/IMG_20240418_132508920-1536x2048.jpg 1536w, https:\/\/parnica.ecavlos.sk\/wp-content\/uploads\/2024\/04\/IMG_20240418_132508920-scaled.jpg 1920w\" sizes=\"auto, (max-width: 768px) 100vw, 768px\" \/><\/figure><\/li><li class=\"blocks-gallery-item\"><figure><img loading=\"lazy\" decoding=\"async\" width=\"1024\" height=\"768\" src=\"https:\/\/parnica.ecavlos.sk\/wp-content\/uploads\/2024\/04\/IMG_20240418_132525763_HDR-1024x768.jpg\" alt=\"\" data-id=\"596\" data-full-url=\"https:\/\/parnica.ecavlos.sk\/wp-content\/uploads\/2024\/04\/IMG_20240418_132525763_HDR-scaled.jpg\" data-link=\"https:\/\/parnica.ecavlos.sk\/?attachment_id=596\" class=\"wp-image-596\" srcset=\"https:\/\/parnica.ecavlos.sk\/wp-content\/uploads\/2024\/04\/IMG_20240418_132525763_HDR-200x150.jpg 200w, https:\/\/parnica.ecavlos.sk\/wp-content\/uploads\/2024\/04\/IMG_20240418_132525763_HDR-300x225.jpg 300w, https:\/\/parnica.ecavlos.sk\/wp-content\/uploads\/2024\/04\/IMG_20240418_132525763_HDR-400x300.jpg 400w, https:\/\/parnica.ecavlos.sk\/wp-content\/uploads\/2024\/04\/IMG_20240418_132525763_HDR-600x450.jpg 600w, https:\/\/parnica.ecavlos.sk\/wp-content\/uploads\/2024\/04\/IMG_20240418_132525763_HDR-768x576.jpg 768w, https:\/\/parnica.ecavlos.sk\/wp-content\/uploads\/2024\/04\/IMG_20240418_132525763_HDR-800x600.jpg 800w, https:\/\/parnica.ecavlos.sk\/wp-content\/uploads\/2024\/04\/IMG_20240418_132525763_HDR-1024x768.jpg 1024w, https:\/\/parnica.ecavlos.sk\/wp-content\/uploads\/2024\/04\/IMG_20240418_132525763_HDR-1200x900.jpg 1200w, https:\/\/parnica.ecavlos.sk\/wp-content\/uploads\/2024\/04\/IMG_20240418_132525763_HDR-1536x1152.jpg 1536w\" sizes=\"auto, (max-width: 1024px) 100vw, 1024px\" \/><\/figure><\/li><li class=\"blocks-gallery-item\"><figure><img loading=\"lazy\" decoding=\"async\" width=\"768\" height=\"1024\" src=\"https:\/\/parnica.ecavlos.sk\/wp-content\/uploads\/2024\/04\/IMG_20240418_132536475_HDR-768x1024.jpg\" alt=\"\" data-id=\"597\" data-full-url=\"https:\/\/parnica.ecavlos.sk\/wp-content\/uploads\/2024\/04\/IMG_20240418_132536475_HDR-scaled.jpg\" data-link=\"https:\/\/parnica.ecavlos.sk\/?attachment_id=597\" class=\"wp-image-597\" srcset=\"https:\/\/parnica.ecavlos.sk\/wp-content\/uploads\/2024\/04\/IMG_20240418_132536475_HDR-200x267.jpg 200w, https:\/\/parnica.ecavlos.sk\/wp-content\/uploads\/2024\/04\/IMG_20240418_132536475_HDR-225x300.jpg 225w, https:\/\/parnica.ecavlos.sk\/wp-content\/uploads\/2024\/04\/IMG_20240418_132536475_HDR-400x533.jpg 400w, https:\/\/parnica.ecavlos.sk\/wp-content\/uploads\/2024\/04\/IMG_20240418_132536475_HDR-600x800.jpg 600w, https:\/\/parnica.ecavlos.sk\/wp-content\/uploads\/2024\/04\/IMG_20240418_132536475_HDR-768x1024.jpg 768w, https:\/\/parnica.ecavlos.sk\/wp-content\/uploads\/2024\/04\/IMG_20240418_132536475_HDR-800x1067.jpg 800w, https:\/\/parnica.ecavlos.sk\/wp-content\/uploads\/2024\/04\/IMG_20240418_132536475_HDR-1152x1536.jpg 1152w, https:\/\/parnica.ecavlos.sk\/wp-content\/uploads\/2024\/04\/IMG_20240418_132536475_HDR-1200x1600.jpg 1200w, https:\/\/parnica.ecavlos.sk\/wp-content\/uploads\/2024\/04\/IMG_20240418_132536475_HDR-1536x2048.jpg 1536w, https:\/\/parnica.ecavlos.sk\/wp-content\/uploads\/2024\/04\/IMG_20240418_132536475_HDR-scaled.jpg 1920w\" sizes=\"auto, (max-width: 768px) 100vw, 768px\" \/><\/figure><\/li><li class=\"blocks-gallery-item\"><figure><img loading=\"lazy\" decoding=\"async\" width=\"1024\" height=\"768\" src=\"https:\/\/parnica.ecavlos.sk\/wp-content\/uploads\/2024\/04\/IMG_20240418_132603509_HDR-1024x768.jpg\" alt=\"\" data-id=\"598\" data-full-url=\"https:\/\/parnica.ecavlos.sk\/wp-content\/uploads\/2024\/04\/IMG_20240418_132603509_HDR-scaled.jpg\" data-link=\"https:\/\/parnica.ecavlos.sk\/?attachment_id=598\" class=\"wp-image-598\" srcset=\"https:\/\/parnica.ecavlos.sk\/wp-content\/uploads\/2024\/04\/IMG_20240418_132603509_HDR-200x150.jpg 200w, https:\/\/parnica.ecavlos.sk\/wp-content\/uploads\/2024\/04\/IMG_20240418_132603509_HDR-300x225.jpg 300w, https:\/\/parnica.ecavlos.sk\/wp-content\/uploads\/2024\/04\/IMG_20240418_132603509_HDR-400x300.jpg 400w, https:\/\/parnica.ecavlos.sk\/wp-content\/uploads\/2024\/04\/IMG_20240418_132603509_HDR-600x450.jpg 600w, https:\/\/parnica.ecavlos.sk\/wp-content\/uploads\/2024\/04\/IMG_20240418_132603509_HDR-768x576.jpg 768w, https:\/\/parnica.ecavlos.sk\/wp-content\/uploads\/2024\/04\/IMG_20240418_132603509_HDR-800x600.jpg 800w, https:\/\/parnica.ecavlos.sk\/wp-content\/uploads\/2024\/04\/IMG_20240418_132603509_HDR-1024x768.jpg 1024w, https:\/\/parnica.ecavlos.sk\/wp-content\/uploads\/2024\/04\/IMG_20240418_132603509_HDR-1200x900.jpg 1200w, https:\/\/parnica.ecavlos.sk\/wp-content\/uploads\/2024\/04\/IMG_20240418_132603509_HDR-1536x1152.jpg 1536w\" sizes=\"auto, (max-width: 1024px) 100vw, 1024px\" \/><\/figure><\/li><\/ul><\/figure>\n<\/div><\/div>\n\n\n\n<p><\/p>\n","protected":false},"excerpt":{"rendered":"<p>Cirkevn\u00fd zbor ECAV P\u00e1rnica pon\u00faka ubytovanie vo svojom zborovom dome (zborovom pastora\u010dnom centre). Kapacita ubytovac\u00edch priestorov je v&nbsp;s\u00fa\u010dasnosti 28 plnohodnotn\u00fdch l\u00f4\u017eok. S\u00fa tam \u0161tyri apartm\u00e1ny a&nbsp;\u0161tyri izby. Ubytovanie je v&nbsp;3-l\u00f4\u017ekov\u00fdch a 4-l\u00f4\u017ekov\u00fdch izb\u00e1ch. V&nbsp;zariaden\u00ed s\u00fa dve kuchyne a&nbsp;jed\u00e1le\u0148. Ubytov\u0148a je ur\u010den\u00e1 pre rodiny, ako aj pre t\u00e1bory, s\u00fastredenia a&nbsp;dovolenky. Cena ubytovania &#8211; pod\u013ea d\u013a\u017eky pobytu, [&hellip;]<\/p>\n","protected":false},"author":1,"featured_media":473,"parent":0,"menu_order":0,"comment_status":"closed","ping_status":"closed","template":"","meta":{"footnotes":""},"class_list":["post-78","page","type-page","status-publish","has-post-thumbnail","hentry"],"_links":{"self":[{"href":"https:\/\/parnica.ecavlos.sk\/index.php?rest_route=\/wp\/v2\/pages\/78","targetHints":{"allow":["GET"]}}],"collection":[{"href":"https:\/\/parnica.ecavlos.sk\/index.php?rest_route=\/wp\/v2\/pages"}],"about":[{"href":"https:\/\/parnica.ecavlos.sk\/index.php?rest_route=\/wp\/v2\/types\/page"}],"author":[{"embeddable":true,"href":"https:\/\/parnica.ecavlos.sk\/index.php?rest_route=\/wp\/v2\/users\/1"}],"replies":[{"embeddable":true,"href":"https:\/\/parnica.ecavlos.sk\/index.php?rest_route=%2Fwp%2Fv2%2Fcomments&post=78"}],"version-history":[{"count":5,"href":"https:\/\/parnica.ecavlos.sk\/index.php?rest_route=\/wp\/v2\/pages\/78\/revisions"}],"predecessor-version":[{"id":599,"href":"https:\/\/parnica.ecavlos.sk\/index.php?rest_route=\/wp\/v2\/pages\/78\/revisions\/599"}],"wp:featuredmedia":[{"embeddable":true,"href":"https:\/\/parnica.ecavlos.sk\/index.php?rest_route=\/wp\/v2\/media\/473"}],"wp:attachment":[{"href":"https:\/\/parnica.ecavlos.sk\/index.php?rest_route=%2Fwp%2Fv2%2Fmedia&parent=78"}],"curies":[{"name":"wp","href":"https:\/\/api.w.org\/{rel}","templated":true}]}}