{"id":66,"date":"2021-04-23T14:36:17","date_gmt":"2021-04-23T12:36:17","guid":{"rendered":"http:\/\/parnica.ecavlos.sk\/?page_id=66"},"modified":"2021-04-23T14:37:30","modified_gmt":"2021-04-23T12:37:30","slug":"o-nas-2","status":"publish","type":"page","link":"https:\/\/parnica.ecavlos.sk\/?page_id=66","title":{"rendered":"O N\u00c1S"},"content":{"rendered":"\n<h1 class=\"wp-block-heading\"><strong>Kto sme a \u010domu ver\u00edme?<\/strong><\/h1>\n\n\n\n<h3 class=\"wp-block-heading\">Sme \u013eudia, ktor\u00ed spoznali Bo\u017eiu l\u00e1sku vyjadren\u00fa skrze \u017eivot, smr\u0165 a vzkriesenie P\u00e1na Je\u017ei\u0161a Krista.<\/h3>\n\n\n\n<h3 class=\"wp-block-heading\">P\u00e1rnick\u00fd&nbsp;evanjelick\u00fd cirkevn\u00fd zbor vyzn\u00e1va Trojjedin\u00e9ho Boha: Otca, Syna i Ducha Sv\u00e4t\u00e9ho. Vyzn\u00e1vame Je\u017ei\u0161a Krista ako P\u00e1na a Spasite\u013ea a uzn\u00e1vame evanjelium za moc Bo\u017eiu na z\u00e1chranu ka\u017ed\u00e9ho veriaceho. Uzn\u00e1vame spisy Starej a Novej zmluvy za Bo\u017eie Slovo, v ktorom nach\u00e1dzame z\u00e1klad zvesti evanjelia a z\u00e1v\u00e4zn\u00fd prame\u0148 viery a pravidlo \u017eivota. Evanjelikmi sa vol\u00e1me pod\u013ea evanjelia, tj. radostnej zvesti o na\u0161om Spasite\u013eovi Je\u017ei\u0161ovi Kristovi, ktor\u00fd za n\u00e1s, trpel, umrel a zm\u0155tvych vstal. Prij\u00edmame Apo\u0161tolsk\u00e9, Nicejsk\u00e9 a Atan\u00e1ziovo vierovyznanie ako prav\u00e9 vyjadrenie viery cirkevn\u00e9ho zboru. Prij\u00edmame <a href=\"http:\/\/ecav.sk\/files\/user\/augsburska_konfesia.pdf\">Augsbursk\u00e9 vyznanie<\/a> ako prav\u00e9 svedectvo o evanjeliu uzn\u00e1vaj\u00fac svoju jednotu vo viere a u\u010den\u00ed so v\u0161etk\u00fdmi cirkvami, ktor\u00e9 rovnako prij\u00edmaj\u00fa u\u010denie Augsbursk\u00e9ho vyznania. Na\u0161a cirkev, ktorej cirkevn\u00fd zbor je s\u00fa\u010das\u0165ou, sa vol\u00e1 Evanjelick\u00e1 cirkev augsbursk\u00e9ho vierovyznania na Slovensku. Typick\u00fdm symbolom na\u0161ej cirkvi je Lutherova ru\u017ea. Luter\u00e1nmi n\u00e1s \u013eudovo volaj\u00fa&nbsp;kv\u00f4li nemeck\u00e9mu reform\u00e1torovi Martinovi Lutherovi.<\/h3>\n\n\n\n<h3 class=\"wp-block-heading\">Patr\u00edme do \u0161irokej celosvetovej rodiny protestantsk\u00fdch evanjelick\u00fdch cirkvi. U n\u00e1s na Slovensku sa ku evanjelikom hl\u00e1s viac ako 300 000 obyvate\u013eov. Vo svete je to viac ako 60 mili\u00f3nov \u013eud\u00ed. V na\u0161om cirkevnom zbore je to pribli\u017ene 600 \u013eud\u00ed. Stret\u00e1vame sa na spolo\u010dn\u00fdch slu\u017eb\u00e1ch Bo\u017e\u00edch v P\u00e1rnici, kde prij\u00edmame Bo\u017eiu milos\u0165 skrze Slovo Bo\u017eie a Sviatosti (Krst Sv\u00e4t\u00fd a Ve\u010dera P\u00e1nova). Ve\u010dera P\u00e1nova a spove\u010f je pon\u00fakan\u00e1 v\u0161etk\u00fdm pokrsten\u00fdm a konfirmovan\u00fdch evanjelikom. Tie\u017e aj kres\u0165anom z in\u00fdch kres\u0165ansk\u00fdch cirkv\u00ed. V cirkevnom zbore ch\u00e1peme krst det\u00ed za biblicky opr\u00e1vnen\u00fd a te\u0161\u00edme sa z Bo\u017eej milosti, ktor\u00e1 je pri \u0148om de\u0165om prin\u00e1\u0161an\u00e1. Krst\u00edme v\u0161ak aj dospel\u00fdch, po pr\u00edprave k tomu ur\u010denej.<\/h3>\n\n\n\n<h3 class=\"wp-block-heading\">Na slu\u017eb\u00e1ch Bo\u017e\u00edch oslavujeme P\u00e1na Boha, po\u010d\u00favame a u\u010d\u00edme sa Jeho slovu, posil\u0148ujeme sa vo viere, budujeme vz\u00e1jomn\u00e9 vz\u0165ahy. Sna\u017e\u00edme sa ich tvori\u0165 tak, aby ka\u017ed\u00fd si na nich na\u0161iel svoje miesto.<\/h3>\n","protected":false},"excerpt":{"rendered":"<p>Kto sme a \u010domu ver\u00edme? Sme \u013eudia, ktor\u00ed spoznali Bo\u017eiu l\u00e1sku vyjadren\u00fa skrze \u017eivot, smr\u0165 a vzkriesenie P\u00e1na Je\u017ei\u0161a Krista. P\u00e1rnick\u00fd&nbsp;evanjelick\u00fd cirkevn\u00fd zbor vyzn\u00e1va Trojjedin\u00e9ho Boha: Otca, Syna i Ducha Sv\u00e4t\u00e9ho. Vyzn\u00e1vame Je\u017ei\u0161a Krista ako P\u00e1na a Spasite\u013ea a uzn\u00e1vame evanjelium za moc Bo\u017eiu na z\u00e1chranu ka\u017ed\u00e9ho veriaceho. Uzn\u00e1vame spisy Starej a Novej zmluvy za [&hellip;]<\/p>\n","protected":false},"author":1,"featured_media":0,"parent":0,"menu_order":0,"comment_status":"closed","ping_status":"closed","template":"","meta":{"footnotes":""},"class_list":["post-66","page","type-page","status-publish","hentry"],"_links":{"self":[{"href":"https:\/\/parnica.ecavlos.sk\/index.php?rest_route=\/wp\/v2\/pages\/66","targetHints":{"allow":["GET"]}}],"collection":[{"href":"https:\/\/parnica.ecavlos.sk\/index.php?rest_route=\/wp\/v2\/pages"}],"about":[{"href":"https:\/\/parnica.ecavlos.sk\/index.php?rest_route=\/wp\/v2\/types\/page"}],"author":[{"embeddable":true,"href":"https:\/\/parnica.ecavlos.sk\/index.php?rest_route=\/wp\/v2\/users\/1"}],"replies":[{"embeddable":true,"href":"https:\/\/parnica.ecavlos.sk\/index.php?rest_route=%2Fwp%2Fv2%2Fcomments&post=66"}],"version-history":[{"count":2,"href":"https:\/\/parnica.ecavlos.sk\/index.php?rest_route=\/wp\/v2\/pages\/66\/revisions"}],"predecessor-version":[{"id":162,"href":"https:\/\/parnica.ecavlos.sk\/index.php?rest_route=\/wp\/v2\/pages\/66\/revisions\/162"}],"wp:attachment":[{"href":"https:\/\/parnica.ecavlos.sk\/index.php?rest_route=%2Fwp%2Fv2%2Fmedia&parent=66"}],"curies":[{"name":"wp","href":"https:\/\/api.w.org\/{rel}","templated":true}]}}