{"id":240,"date":"2021-10-26T17:35:24","date_gmt":"2021-10-26T15:35:24","guid":{"rendered":"https:\/\/parnica.ecavlos.sk\/?page_id=240"},"modified":"2025-06-12T11:45:07","modified_gmt":"2025-06-12T09:45:07","slug":"kontakt","status":"publish","type":"page","link":"https:\/\/parnica.ecavlos.sk\/?page_id=240","title":{"rendered":"KONTAKT"},"content":{"rendered":"\n<figure class=\"wp-block-table\"><table><tbody><tr><th>N\u00e1zov<\/th><td>Cirkevn\u00fd zbor ECAV na Slovensku P\u00e1rnica<\/td><\/tr><tr><th>Adresa<\/th><td>026 01 P\u00e1rnica 97<\/td><\/tr><tr><th>Telef\u00f3nne \u010d\u00edslo<\/th><td>0911 456 525, +421 43 589 22 12<\/td><\/tr><tr><th>E-mail<\/th><td>soltestipulova@gmail.com, parnica@ecav.sk<\/td><\/tr><tr><th>Senior\u00e1t<\/th><td><a href=\"https:\/\/www.ecav.sk\/vychodny-distrikt\/liptovsko-oravsky-seniorat\">Liptovsko-oravsk\u00fd senior\u00e1t ECAV na Slovensku<\/a><\/td><\/tr><\/tbody><\/table><\/figure>\n\n\n\n<p><strong>Facebook str\u00e1nka:<\/strong> Cirkevn\u00fd zbor ECAV P\u00e1rnica   <a href=\"https:\/\/www.facebook.com\/ECAVParnica\/\">https:\/\/www.facebook.com\/ECAVParnica\/<\/a>   &#8211; <strong>m\u00f4\u017eete klikn\u00fa\u0165 P\u00e1\u010di sa mi<\/strong><br><br><strong>Youtube kan\u00e1l:<\/strong> ECAV P\u00e1rnica <a href=\"https:\/\/www.youtube.com\/@ecavparnica5446\">https:\/\/www.youtube.com\/@ecavparnica5446<\/a>     &#8211; <strong>m\u00f4\u017eete klikn\u00fa\u0165 na Odobera\u0165<\/strong><\/p>\n\n\n\n<figure class=\"wp-block-table is-style-regular\"><table><tbody><tr><td><strong>Mgr. Viera \u0160imov\u00e1 \u0160olt\u00e9s<\/strong><\/td><td>zborov\u00e1 far\u00e1rka; 0911 456 525; <em>e-mail: soltestipulova@gmail.com<\/em><\/td><\/tr><tr><td><strong>Ing. Du\u0161an Kuba\u010dka<\/strong><\/td><td>zborov\u00fd dozorca<\/td><\/tr><\/tbody><\/table><\/figure>\n\n\n\n<figure class=\"wp-block-table is-style-regular\"><table><tbody><tr><td><strong>I\u010cO<\/strong><\/td><td>31902677<\/td><\/tr><tr><td><strong>\u010c\u00edslo \u00fa\u010dtu, IBAN:<\/strong><\/td><td><strong>SK50 7500 0000 0040 2077 9902<\/strong><\/td><\/tr><\/tbody><\/table><\/figure>\n","protected":false},"excerpt":{"rendered":"<p>N\u00e1zov Cirkevn\u00fd zbor ECAV na Slovensku P\u00e1rnica Adresa 026 01 P\u00e1rnica 97 Telef\u00f3nne \u010d\u00edslo 0911 456 525, +421 43 589 22 12 E-mail soltestipulova@gmail.com, parnica@ecav.sk Senior\u00e1t Liptovsko-oravsk\u00fd senior\u00e1t ECAV na Slovensku Facebook str\u00e1nka: Cirkevn\u00fd zbor ECAV P\u00e1rnica https:\/\/www.facebook.com\/ECAVParnica\/ &#8211; m\u00f4\u017eete klikn\u00fa\u0165 P\u00e1\u010di sa mi Youtube kan\u00e1l: ECAV P\u00e1rnica https:\/\/www.youtube.com\/@ecavparnica5446 &#8211; m\u00f4\u017eete klikn\u00fa\u0165 na Odobera\u0165 Mgr. [&hellip;]<\/p>\n","protected":false},"author":1,"featured_media":0,"parent":0,"menu_order":0,"comment_status":"closed","ping_status":"closed","template":"","meta":{"footnotes":""},"class_list":["post-240","page","type-page","status-publish","hentry"],"_links":{"self":[{"href":"https:\/\/parnica.ecavlos.sk\/index.php?rest_route=\/wp\/v2\/pages\/240","targetHints":{"allow":["GET"]}}],"collection":[{"href":"https:\/\/parnica.ecavlos.sk\/index.php?rest_route=\/wp\/v2\/pages"}],"about":[{"href":"https:\/\/parnica.ecavlos.sk\/index.php?rest_route=\/wp\/v2\/types\/page"}],"author":[{"embeddable":true,"href":"https:\/\/parnica.ecavlos.sk\/index.php?rest_route=\/wp\/v2\/users\/1"}],"replies":[{"embeddable":true,"href":"https:\/\/parnica.ecavlos.sk\/index.php?rest_route=%2Fwp%2Fv2%2Fcomments&post=240"}],"version-history":[{"count":6,"href":"https:\/\/parnica.ecavlos.sk\/index.php?rest_route=\/wp\/v2\/pages\/240\/revisions"}],"predecessor-version":[{"id":649,"href":"https:\/\/parnica.ecavlos.sk\/index.php?rest_route=\/wp\/v2\/pages\/240\/revisions\/649"}],"wp:attachment":[{"href":"https:\/\/parnica.ecavlos.sk\/index.php?rest_route=%2Fwp%2Fv2%2Fmedia&parent=240"}],"curies":[{"name":"wp","href":"https:\/\/api.w.org\/{rel}","templated":true}]}}